{"id":1509,"date":"2025-01-14T18:18:44","date_gmt":"2025-01-14T18:18:44","guid":{"rendered":"https:\/\/elcellerdelnoupriorat.cat\/?page_id=1509"},"modified":"2025-03-14T22:49:36","modified_gmt":"2025-03-14T22:49:36","slug":"declaracion-de-accesabilidad","status":"publish","type":"page","link":"https:\/\/elcellerdelnoupriorat.cat\/es\/declaracion-de-accesabilidad\/","title":{"rendered":"Declaraci\u00f3n de accesabilidad"},"content":{"rendered":"\t\t<div data-elementor-type=\"wp-page\" data-elementor-id=\"1509\" class=\"elementor elementor-1509\" data-elementor-post-type=\"page\">\n\t\t\t\t<div class=\"elementor-element elementor-element-146d13e e-flex e-con-boxed e-con e-parent\" data-id=\"146d13e\" data-element_type=\"container\" data-settings=\"{&quot;jet_parallax_layout_list&quot;:[]}\">\n\t\t\t\t\t<div class=\"e-con-inner\">\n\t\t\t\t<div class=\"elementor-element elementor-element-b9885a7 elementor-widget__width-inherit elementor-widget elementor-widget-heading\" data-id=\"b9885a7\" data-element_type=\"widget\" data-widget_type=\"heading.default\">\n\t\t\t\t<div class=\"elementor-widget-container\">\n\t\t\t\t\t<h2 class=\"elementor-heading-title elementor-size-default\">Declaraci\u00f3n de accesabilidad<\/h2>\t\t\t\t<\/div>\n\t\t\t\t<\/div>\n\t\t\t\t<div class=\"elementor-element elementor-element-391c132 elementor-widget elementor-widget-text-editor\" data-id=\"391c132\" data-element_type=\"widget\" data-widget_type=\"text-editor.default\">\n\t\t\t\t<div class=\"elementor-widget-container\">\n\t\t\t\t\t\t\t\t\t<main id=\"content\" class=\"site-main post-1721 page type-page status-publish hentry\"><\/main><div class=\"page-content\"><div class=\"elementor elementor-1721\" data-elementor-type=\"wp-page\" data-elementor-id=\"1721\" data-elementor-post-type=\"page\"><div class=\"elementor-element elementor-element-b57eb4c e-con-full e-flex e-con e-parent e-lazyloaded\" data-id=\"b57eb4c\" data-element_type=\"container\" data-settings=\"{&quot;jet_parallax_layout_list&quot;:[]}\"><div class=\"elementor-element elementor-element-7678b92 elementor-widget elementor-widget-text-editor\" data-id=\"7678b92\" data-element_type=\"widget\" data-widget_type=\"text-editor.default\"><div class=\"elementor-widget-container\"><p>La presente declaraci\u00f3n de accesibilidad se aplica al sitio web [<a href=\"https:\/\/elcellerdelnoupriorat.cat\/\">www.elcellerdelnoupriorat.cat\/<\/a>] (<a href=\"https:\/\/elcellerdelnoupriorat.cat\/\">https:\/\/elcellerdelnoupriorat.cat\/<\/a>)<\/p><p>**Situaci\u00f3n de Cumplimiento**<\/p><p>Este sitio web es totalmente conforme con el RD 1112\/2018 sobre accesibilidad de los sitios web y aplicaciones m\u00f3viles del sector p\u00fablico.<\/p><p>**Preparaci\u00f3n de la Declaraci\u00f3n de Accesibilidad**<\/p><p>Esta declaraci\u00f3n fue preparada el 12 de Febrero de 2025 mediante una autoevaluaci\u00f3n realizada por El Celler del Nou Priorat.<\/p><p>**Observaciones y Datos de Contacto**<\/p><p>Para consultas sobre requisitos de accesibilidad, como:<\/p><p>\u2013 Informar sobre cualquier posible incumplimiento del sitio web.<\/p><p>\u2013 Notificar dificultades de acceso al contenido.<\/p><p>\u2013 Formular sugerencias de mejora en la accesibilidad.<\/p><p>Puede contactarnos a trav\u00e9s del formulario de contacto en el sitio web o llamando al n\u00famero de tel\u00e9fono:\u00a0<\/p><\/div><\/div><\/div><\/div><\/div>\t\t\t\t\t\t\t\t<\/div>\n\t\t\t\t<\/div>\n\t\t\t\t<div class=\"elementor-element elementor-element-d51f46a elementor-align-left elementor-icon-list--layout-traditional elementor-list-item-link-full_width elementor-widget elementor-widget-icon-list\" data-id=\"d51f46a\" data-element_type=\"widget\" data-widget_type=\"icon-list.default\">\n\t\t\t\t<div class=\"elementor-widget-container\">\n\t\t\t\t\t\t\t<ul class=\"elementor-icon-list-items\">\n\t\t\t\t\t\t\t<li class=\"elementor-icon-list-item\">\n\t\t\t\t\t\t\t\t\t\t\t<a href=\"https:\/\/api.whatsapp.com\/send?phone=34934905952\" target=\"_blank\" rel=\"noopener\">\n\n\t\t\t\t\t\t\t\t\t\t\t<span class=\"elementor-icon-list-text\"><b>Celular: <\/B> +34 93 490 59 52<\/span>\n\t\t\t\t\t\t\t\t\t\t\t<\/a>\n\t\t\t\t\t\t\t\t\t<\/li>\n\t\t\t\t\t\t<\/ul>\n\t\t\t\t\t\t<\/div>\n\t\t\t\t<\/div>\n\t\t\t\t<div class=\"elementor-element elementor-element-89463d9 elementor-widget elementor-widget-text-editor\" data-id=\"89463d9\" data-element_type=\"widget\" data-widget_type=\"text-editor.default\">\n\t\t\t\t<div class=\"elementor-widget-container\">\n\t\t\t\t\t\t\t\t\t<main id=\"content\" class=\"site-main post-1721 page type-page status-publish hentry\"><\/main><div class=\"page-content\"><div class=\"elementor elementor-1721\" data-elementor-type=\"wp-page\" data-elementor-id=\"1721\" data-elementor-post-type=\"page\"><div class=\"elementor-element elementor-element-b57eb4c e-con-full e-flex e-con e-parent e-lazyloaded\" data-id=\"b57eb4c\" data-element_type=\"container\" data-settings=\"{&quot;jet_parallax_layout_list&quot;:[]}\"><div class=\"elementor-element elementor-element-7678b92 elementor-widget elementor-widget-text-editor\" data-id=\"7678b92\" data-element_type=\"widget\" data-widget_type=\"text-editor.default\"><div class=\"elementor-widget-container\"><p>Adem\u00e1s, puede:<\/p><p>\u2013 Presentar una queja relacionada con el cumplimiento del RD 1112\/2018.<\/p><p>\u2013 Solicitar informaci\u00f3n accesible sobre:<\/p><p>\u00a0\u00a0\u00a0\u00a0\u2013 Contenidos excluidos del RD 1112\/2018 conforme al art\u00edculo 3.4.<\/p><p>\u00a0\u00a0\u00a0\u00a0\u2013 Contenidos exentos por suponer una carga desproporcionada.<\/p><p>En su solicitud, indique claramente los motivos y peticiones para facilitar una evaluaci\u00f3n adecuada.<\/p><p>**Contenido Opcional**<\/p><p>Este portal est\u00e1 dise\u00f1ado para permitir la personalizaci\u00f3n de tama\u00f1o de texto y colores mediante las opciones est\u00e1ndar de los navegadores. A continuaci\u00f3n, se detallan los men\u00fas de configuraci\u00f3n en distintos navegadores:<\/p><p>\u2013 **Internet Explorer, Mozilla y Firefox:** Ver &gt; Tama\u00f1o del texto<\/p><p>\u2013 **Opera:** Ver &gt; Zoom<\/p><p>\u2013 **Safari:** Ver &gt; Hacer el texto m\u00e1s grande<\/p><p>\u2013 **Chrome:** Controla la p\u00e1gina actual &gt; Tama\u00f1o del texto<\/p><p>Para ajustar el tama\u00f1o general de la p\u00e1gina:<\/p><p>\u2013 **Aumentar:** Ctrl + +<\/p><p>\u2013 **Disminuir:** Ctrl + \u2013<\/p><p>\u2013 **Restablecer tama\u00f1o original:** Ctrl + 0<\/p><p>Si desea modificar el color del texto o anular la hoja de estilos, consulte la gu\u00eda de la WAI disponible en espa\u00f1ol en: [\u00bfC\u00f3mo cambiar el tama\u00f1o del texto o colores?](https:\/\/www.w3.org\/WAI).<\/p><\/div><\/div><\/div><\/div><\/div>\t\t\t\t\t\t\t\t<\/div>\n\t\t\t\t<\/div>\n\t\t\t\t\t<\/div>\n\t\t\t\t<\/div>\n\t\t\t\t<\/div>\n\t\t","protected":false},"excerpt":{"rendered":"<p>Declaraci\u00f3n de accesabilidad La presente declaraci\u00f3n de accesibilidad se aplica al sitio web [www.elcellerdelnoupriorat.cat\/] (https:\/\/elcellerdelnoupriorat.cat\/) **Situaci\u00f3n de Cumplimiento** Este sitio web es totalmente conforme con el RD 1112\/2018 sobre accesibilidad de los sitios web y aplicaciones m\u00f3viles del sector p\u00fablico. **Preparaci\u00f3n de la Declaraci\u00f3n de Accesibilidad** Esta declaraci\u00f3n fue preparada el 12 de Febrero de [&hellip;]<\/p>\n","protected":false},"author":1,"featured_media":0,"parent":0,"menu_order":0,"comment_status":"closed","ping_status":"closed","template":"","meta":{"footnotes":""},"class_list":["post-1509","page","type-page","status-publish","hentry"],"_links":{"self":[{"href":"https:\/\/elcellerdelnoupriorat.cat\/es\/wp-json\/wp\/v2\/pages\/1509","targetHints":{"allow":["GET"]}}],"collection":[{"href":"https:\/\/elcellerdelnoupriorat.cat\/es\/wp-json\/wp\/v2\/pages"}],"about":[{"href":"https:\/\/elcellerdelnoupriorat.cat\/es\/wp-json\/wp\/v2\/types\/page"}],"author":[{"embeddable":true,"href":"https:\/\/elcellerdelnoupriorat.cat\/es\/wp-json\/wp\/v2\/users\/1"}],"replies":[{"embeddable":true,"href":"https:\/\/elcellerdelnoupriorat.cat\/es\/wp-json\/wp\/v2\/comments?post=1509"}],"version-history":[{"count":31,"href":"https:\/\/elcellerdelnoupriorat.cat\/es\/wp-json\/wp\/v2\/pages\/1509\/revisions"}],"predecessor-version":[{"id":2193,"href":"https:\/\/elcellerdelnoupriorat.cat\/es\/wp-json\/wp\/v2\/pages\/1509\/revisions\/2193"}],"wp:attachment":[{"href":"https:\/\/elcellerdelnoupriorat.cat\/es\/wp-json\/wp\/v2\/media?parent=1509"}],"curies":[{"name":"wp","href":"https:\/\/api.w.org\/{rel}","templated":true}]}}